{"id":18,"date":"2024-10-24T10:16:06","date_gmt":"2024-10-24T10:16:06","guid":{"rendered":"http:\/\/localhost:10003\/?page_id=18"},"modified":"2025-07-30T10:35:34","modified_gmt":"2025-07-30T08:35:34","slug":"wissenschaftskommunikation-pr-fuer-forschung-und-startups-hellwage","status":"publish","type":"page","link":"https:\/\/hellwage.positionabsolute.de\/en\/wissenschaftskommunikation-pr-fuer-forschung-und-startups-hellwage\/","title":{"rendered":"Service"},"content":{"rendered":"<h1 class=\"wp-block-heading\">We Tell Your Success Story<\/h1>\n\n\n\n<p>Your innovations are making the world a better place.<br>We make sure the world hears about them. Together, we tell the story of your complex projects and products \u2013 helping drive your success.<\/p>","protected":false},"excerpt":{"rendered":"<p>Wir schreiben Ihre Erfolgsgeschichte Mit Ihren Innovationen machen Sie die Welt besser. Wir sorgen daf\u00fcr,dass die Welt davon erf\u00e4hrt. Gemeinsam erz\u00e4hlen wir die Geschichte Ihrer komplexen Projekte und Produkte \u2013 und tragen so zu Ihrem&#8230; &nbsp; <a class=\"read-more\" style=\"text-decoration: none;font-weight: 700;\" href=\"https:\/\/hellwage.positionabsolute.de\/en\/wissenschaftskommunikation-pr-fuer-forschung-und-startups-hellwage\/\"><svg fill=\"#BEA500\" width=\"12px\" height=\"12px\" viewbox=\"0 0 512 512\" xmlns=\"http:\/\/www.w3.org\/2000\/svg\"><path d=\"M256 8c137 0 248 111 248 248S393 504 256 504 8 393 8 256 119 8 256 8zm-28.9 143.6l75.5 72.4H120c-13.3 0-24 10.7-24 24v16c0 13.3 10.7 24 24 24h182.6l-75.5 72.4c-9.7 9.3-9.9 24.8-.4 34.3l11 10.9c9.4 9.4 24.6 9.4 33.9 0L404.3 273c9.4-9.4 9.4-24.6 0-33.9L271.6 106.3c-9.4-9.4-24.6-9.4-33.9 0l-11 10.9c-9.5 9.6-9.3 25.1.4 34.4z\"\/><\/svg>&nbsp; Weiterlesen<\/a><\/p>","protected":false},"author":1,"featured_media":89,"parent":0,"menu_order":0,"comment_status":"closed","ping_status":"closed","template":"","meta":{"footnotes":""},"class_list":["post-18","page","type-page","status-publish","has-post-thumbnail","hentry"],"yoast_head":"<!-- This site is optimized with the Yoast SEO plugin v25.6 - https:\/\/yoast.com\/wordpress\/plugins\/seo\/ -->\n<title>Service - Hellwage Kommunikation<\/title>\n<meta name=\"description\" content=\"Kommunikationsberatung f\u00fcr Forschung, Technologie &amp; Innovation: PR, Strategie &amp; Text f\u00fcr Wissenschaft, Startups &amp; KMU in Mitteldeutschland.\" \/>\n<meta name=\"robots\" content=\"index, follow, max-snippet:-1, max-image-preview:large, max-video-preview:-1\" \/>\n<link rel=\"canonical\" href=\"https:\/\/hellwage.positionabsolute.de\/en\/wissenschaftskommunikation-pr-fuer-forschung-und-startups-hellwage\/\" \/>\n<meta property=\"og:locale\" content=\"en_US\" \/>\n<meta property=\"og:type\" content=\"article\" \/>\n<meta property=\"og:title\" content=\"Service - Hellwage Kommunikation\" \/>\n<meta property=\"og:description\" content=\"Kommunikationsberatung f\u00fcr Forschung, Technologie &amp; Innovation: PR, Strategie &amp; Text f\u00fcr Wissenschaft, Startups &amp; KMU in Mitteldeutschland.\" \/>\n<meta property=\"og:url\" content=\"https:\/\/hellwage.positionabsolute.de\/en\/wissenschaftskommunikation-pr-fuer-forschung-und-startups-hellwage\/\" \/>\n<meta property=\"og:site_name\" content=\"Hellwage Kommunikation\" \/>\n<meta property=\"article:modified_time\" content=\"2025-07-30T08:35:34+00:00\" \/>\n<meta property=\"og:image\" content=\"https:\/\/hellwage.positionabsolute.de\/wp-content\/uploads\/2024\/10\/SH-2024-9-scaled-e1730153295857.jpg\" \/>\n\t<meta property=\"og:image:width\" content=\"2560\" \/>\n\t<meta property=\"og:image:height\" content=\"840\" \/>\n\t<meta property=\"og:image:type\" content=\"image\/jpeg\" \/>\n<meta name=\"twitter:card\" content=\"summary_large_image\" \/>\n<meta name=\"twitter:label1\" content=\"Est. reading time\" \/>\n\t<meta name=\"twitter:data1\" content=\"1 minute\" \/>\n<script type=\"application\/ld+json\" class=\"yoast-schema-graph\">{\"@context\":\"https:\/\/schema.org\",\"@graph\":[{\"@type\":\"WebPage\",\"@id\":\"https:\/\/hellwage.positionabsolute.de\/wissenschaftskommunikation-pr-fuer-forschung-und-startups-hellwage\/\",\"url\":\"https:\/\/hellwage.positionabsolute.de\/wissenschaftskommunikation-pr-fuer-forschung-und-startups-hellwage\/\",\"name\":\"Service - Hellwage Kommunikation\",\"isPartOf\":{\"@id\":\"https:\/\/hellwage.positionabsolute.de\/#website\"},\"primaryImageOfPage\":{\"@id\":\"https:\/\/hellwage.positionabsolute.de\/wissenschaftskommunikation-pr-fuer-forschung-und-startups-hellwage\/#primaryimage\"},\"image\":{\"@id\":\"https:\/\/hellwage.positionabsolute.de\/wissenschaftskommunikation-pr-fuer-forschung-und-startups-hellwage\/#primaryimage\"},\"thumbnailUrl\":\"https:\/\/hellwage.positionabsolute.de\/wp-content\/uploads\/2024\/10\/SH-2024-9-scaled-e1730153295857.jpg\",\"datePublished\":\"2024-10-24T10:16:06+00:00\",\"dateModified\":\"2025-07-30T08:35:34+00:00\",\"description\":\"Kommunikationsberatung f\u00fcr Forschung, Technologie & Innovation: PR, Strategie & Text f\u00fcr Wissenschaft, Startups & KMU in Mitteldeutschland.\",\"breadcrumb\":{\"@id\":\"https:\/\/hellwage.positionabsolute.de\/wissenschaftskommunikation-pr-fuer-forschung-und-startups-hellwage\/#breadcrumb\"},\"inLanguage\":\"en-US\",\"potentialAction\":[{\"@type\":\"ReadAction\",\"target\":[\"https:\/\/hellwage.positionabsolute.de\/wissenschaftskommunikation-pr-fuer-forschung-und-startups-hellwage\/\"]}]},{\"@type\":\"ImageObject\",\"inLanguage\":\"en-US\",\"@id\":\"https:\/\/hellwage.positionabsolute.de\/wissenschaftskommunikation-pr-fuer-forschung-und-startups-hellwage\/#primaryimage\",\"url\":\"https:\/\/hellwage.positionabsolute.de\/wp-content\/uploads\/2024\/10\/SH-2024-9-scaled-e1730153295857.jpg\",\"contentUrl\":\"https:\/\/hellwage.positionabsolute.de\/wp-content\/uploads\/2024\/10\/SH-2024-9-scaled-e1730153295857.jpg\",\"width\":2560,\"height\":840},{\"@type\":\"BreadcrumbList\",\"@id\":\"https:\/\/hellwage.positionabsolute.de\/wissenschaftskommunikation-pr-fuer-forschung-und-startups-hellwage\/#breadcrumb\",\"itemListElement\":[{\"@type\":\"ListItem\",\"position\":1,\"name\":\"Startseite\",\"item\":\"https:\/\/hellwage.positionabsolute.de\/\"},{\"@type\":\"ListItem\",\"position\":2,\"name\":\"Service\"}]},{\"@type\":\"WebSite\",\"@id\":\"https:\/\/hellwage.positionabsolute.de\/#website\",\"url\":\"https:\/\/hellwage.positionabsolute.de\/\",\"name\":\"Hellwage Kommunikation\",\"description\":\"\",\"publisher\":{\"@id\":\"https:\/\/hellwage.positionabsolute.de\/#organization\"},\"potentialAction\":[{\"@type\":\"SearchAction\",\"target\":{\"@type\":\"EntryPoint\",\"urlTemplate\":\"https:\/\/hellwage.positionabsolute.de\/?s={search_term_string}\"},\"query-input\":{\"@type\":\"PropertyValueSpecification\",\"valueRequired\":true,\"valueName\":\"search_term_string\"}}],\"inLanguage\":\"en-US\"},{\"@type\":\"Organization\",\"@id\":\"https:\/\/hellwage.positionabsolute.de\/#organization\",\"name\":\"Hellwage Kommunikation\",\"url\":\"https:\/\/hellwage.positionabsolute.de\/\",\"logo\":{\"@type\":\"ImageObject\",\"inLanguage\":\"en-US\",\"@id\":\"https:\/\/hellwage.positionabsolute.de\/#\/schema\/logo\/image\/\",\"url\":\"https:\/\/hellwage.positionabsolute.de\/wp-content\/uploads\/2025\/07\/BB_Logo_Hellwage_CMYK-scaled.jpg\",\"contentUrl\":\"https:\/\/hellwage.positionabsolute.de\/wp-content\/uploads\/2025\/07\/BB_Logo_Hellwage_CMYK-scaled.jpg\",\"width\":2560,\"height\":607,\"caption\":\"Hellwage Kommunikation\"},\"image\":{\"@id\":\"https:\/\/hellwage.positionabsolute.de\/#\/schema\/logo\/image\/\"},\"sameAs\":[\"https:\/\/www.linkedin.com\/in\/susanne-hellwage-19b08340\/\"]}]}<\/script>\n<!-- \/ Yoast SEO plugin. -->","yoast_head_json":{"title":"Service - Hellwage Kommunikation","description":"Kommunikationsberatung f\u00fcr Forschung, Technologie & Innovation: PR, Strategie & Text f\u00fcr Wissenschaft, Startups & KMU in Mitteldeutschland.","robots":{"index":"index","follow":"follow","max-snippet":"max-snippet:-1","max-image-preview":"max-image-preview:large","max-video-preview":"max-video-preview:-1"},"canonical":"https:\/\/hellwage.positionabsolute.de\/en\/wissenschaftskommunikation-pr-fuer-forschung-und-startups-hellwage\/","og_locale":"en_US","og_type":"article","og_title":"Service - Hellwage Kommunikation","og_description":"Kommunikationsberatung f\u00fcr Forschung, Technologie & Innovation: PR, Strategie & Text f\u00fcr Wissenschaft, Startups & KMU in Mitteldeutschland.","og_url":"https:\/\/hellwage.positionabsolute.de\/en\/wissenschaftskommunikation-pr-fuer-forschung-und-startups-hellwage\/","og_site_name":"Hellwage Kommunikation","article_modified_time":"2025-07-30T08:35:34+00:00","og_image":[{"width":2560,"height":840,"url":"https:\/\/hellwage.positionabsolute.de\/wp-content\/uploads\/2024\/10\/SH-2024-9-scaled-e1730153295857.jpg","type":"image\/jpeg"}],"twitter_card":"summary_large_image","twitter_misc":{"Est. reading time":"1 minute"},"schema":{"@context":"https:\/\/schema.org","@graph":[{"@type":"WebPage","@id":"https:\/\/hellwage.positionabsolute.de\/wissenschaftskommunikation-pr-fuer-forschung-und-startups-hellwage\/","url":"https:\/\/hellwage.positionabsolute.de\/wissenschaftskommunikation-pr-fuer-forschung-und-startups-hellwage\/","name":"Service - Hellwage Kommunikation","isPartOf":{"@id":"https:\/\/hellwage.positionabsolute.de\/#website"},"primaryImageOfPage":{"@id":"https:\/\/hellwage.positionabsolute.de\/wissenschaftskommunikation-pr-fuer-forschung-und-startups-hellwage\/#primaryimage"},"image":{"@id":"https:\/\/hellwage.positionabsolute.de\/wissenschaftskommunikation-pr-fuer-forschung-und-startups-hellwage\/#primaryimage"},"thumbnailUrl":"https:\/\/hellwage.positionabsolute.de\/wp-content\/uploads\/2024\/10\/SH-2024-9-scaled-e1730153295857.jpg","datePublished":"2024-10-24T10:16:06+00:00","dateModified":"2025-07-30T08:35:34+00:00","description":"Kommunikationsberatung f\u00fcr Forschung, Technologie & Innovation: PR, Strategie & Text f\u00fcr Wissenschaft, Startups & KMU in Mitteldeutschland.","breadcrumb":{"@id":"https:\/\/hellwage.positionabsolute.de\/wissenschaftskommunikation-pr-fuer-forschung-und-startups-hellwage\/#breadcrumb"},"inLanguage":"en-US","potentialAction":[{"@type":"ReadAction","target":["https:\/\/hellwage.positionabsolute.de\/wissenschaftskommunikation-pr-fuer-forschung-und-startups-hellwage\/"]}]},{"@type":"ImageObject","inLanguage":"en-US","@id":"https:\/\/hellwage.positionabsolute.de\/wissenschaftskommunikation-pr-fuer-forschung-und-startups-hellwage\/#primaryimage","url":"https:\/\/hellwage.positionabsolute.de\/wp-content\/uploads\/2024\/10\/SH-2024-9-scaled-e1730153295857.jpg","contentUrl":"https:\/\/hellwage.positionabsolute.de\/wp-content\/uploads\/2024\/10\/SH-2024-9-scaled-e1730153295857.jpg","width":2560,"height":840},{"@type":"BreadcrumbList","@id":"https:\/\/hellwage.positionabsolute.de\/wissenschaftskommunikation-pr-fuer-forschung-und-startups-hellwage\/#breadcrumb","itemListElement":[{"@type":"ListItem","position":1,"name":"Startseite","item":"https:\/\/hellwage.positionabsolute.de\/"},{"@type":"ListItem","position":2,"name":"Service"}]},{"@type":"WebSite","@id":"https:\/\/hellwage.positionabsolute.de\/#website","url":"https:\/\/hellwage.positionabsolute.de\/","name":"Hellwage Kommunikation","description":"","publisher":{"@id":"https:\/\/hellwage.positionabsolute.de\/#organization"},"potentialAction":[{"@type":"SearchAction","target":{"@type":"EntryPoint","urlTemplate":"https:\/\/hellwage.positionabsolute.de\/?s={search_term_string}"},"query-input":{"@type":"PropertyValueSpecification","valueRequired":true,"valueName":"search_term_string"}}],"inLanguage":"en-US"},{"@type":"Organization","@id":"https:\/\/hellwage.positionabsolute.de\/#organization","name":"Hellwage Kommunikation","url":"https:\/\/hellwage.positionabsolute.de\/","logo":{"@type":"ImageObject","inLanguage":"en-US","@id":"https:\/\/hellwage.positionabsolute.de\/#\/schema\/logo\/image\/","url":"https:\/\/hellwage.positionabsolute.de\/wp-content\/uploads\/2025\/07\/BB_Logo_Hellwage_CMYK-scaled.jpg","contentUrl":"https:\/\/hellwage.positionabsolute.de\/wp-content\/uploads\/2025\/07\/BB_Logo_Hellwage_CMYK-scaled.jpg","width":2560,"height":607,"caption":"Hellwage Kommunikation"},"image":{"@id":"https:\/\/hellwage.positionabsolute.de\/#\/schema\/logo\/image\/"},"sameAs":["https:\/\/www.linkedin.com\/in\/susanne-hellwage-19b08340\/"]}]}},"_links":{"self":[{"href":"https:\/\/hellwage.positionabsolute.de\/en\/wp-json\/wp\/v2\/pages\/18","targetHints":{"allow":["GET"]}}],"collection":[{"href":"https:\/\/hellwage.positionabsolute.de\/en\/wp-json\/wp\/v2\/pages"}],"about":[{"href":"https:\/\/hellwage.positionabsolute.de\/en\/wp-json\/wp\/v2\/types\/page"}],"author":[{"embeddable":true,"href":"https:\/\/hellwage.positionabsolute.de\/en\/wp-json\/wp\/v2\/users\/1"}],"replies":[{"embeddable":true,"href":"https:\/\/hellwage.positionabsolute.de\/en\/wp-json\/wp\/v2\/comments?post=18"}],"version-history":[{"count":4,"href":"https:\/\/hellwage.positionabsolute.de\/en\/wp-json\/wp\/v2\/pages\/18\/revisions"}],"predecessor-version":[{"id":138,"href":"https:\/\/hellwage.positionabsolute.de\/en\/wp-json\/wp\/v2\/pages\/18\/revisions\/138"}],"wp:featuredmedia":[{"embeddable":true,"href":"https:\/\/hellwage.positionabsolute.de\/en\/wp-json\/wp\/v2\/media\/89"}],"wp:attachment":[{"href":"https:\/\/hellwage.positionabsolute.de\/en\/wp-json\/wp\/v2\/media?parent=18"}],"curies":[{"name":"wp","href":"https:\/\/api.w.org\/{rel}","templated":true}]}}