{"id":343,"date":"2025-05-22T18:40:19","date_gmt":"2025-05-22T16:40:19","guid":{"rendered":"http:\/\/localhost:8888\/?page_id=343"},"modified":"2025-09-08T17:21:58","modified_gmt":"2025-09-08T15:21:58","slug":"kommunikationsberatung-fuer-forschung-startups-jena-region","status":"publish","type":"page","link":"https:\/\/hellwage.positionabsolute.de\/en\/wissenschaftskommunikation-pr-fuer-forschung-und-startups-hellwage\/kommunikationsberatung-fuer-forschung-startups-jena-region\/","title":{"rendered":"Communication Consulting"},"content":{"rendered":"<h2 class=\"wp-block-heading\">For Universities and Research Institutions \u2013<br>Strategic and Science-Oriented Communication<\/h2>\n\n\n\n<p>Ihre Forschung verdient Aufmerksamkeit. Doch wie wird aus einer Idee eine \u00fcberzeugende Botschaft? Sie suchen L\u00f6sungen oder neue Anregungen f\u00fcr die Au\u00dfendarstellung Ihres Instituts oder eines Forschungsvorhabens oder m\u00f6chten eine neue Technologieplattform positionieren? Profitieren Sie von meiner langj\u00e4hrigen Erfahrung und lassen sich von Hellwage Kommunikation beraten. Wir analysieren gemeinsam Ihre Ausgangssituation und Ziele, definieren Zielgruppen und Kommunikationsbedarfe und entwickeln daraus eine tragf\u00e4hige Strategie, mit der Sie Ihre Sichtbarkeit deutlich steigern k\u00f6nnen. Auch wenn Sie nur punktuell Unterst\u00fctzung zur Verbesserung einzelner Texte oder bei der Optimierung Ihrer Pressearbeit ben\u00f6tigen, k\u00f6nnen Sie mich gerne ansprechen.<\/p>\n\n\n\n<p class=\"has-text-color has-link-color wp-elements-2943f7d15ccf75047afaffd25ecdfe89\" style=\"color:#bda500\"><strong>You may be eligible for funding support. The Thuringian Consulting Directive covers up to 50% of consulting fees. Research institutions organized as non-profit companies (gGmbH) or non-profit associations may qualify if they also provide commercial services.<\/strong><\/p>\n\n\n\n<h3 class=\"wp-block-heading\">My services for universities and research institutions<\/h3>\n\n\n\n<ul class=\"wp-block-list\">\n<li>Strategic consulting for institutes, research projects, networks, and clusters \u2013 focused on communication<\/li>\n\n\n\n<li>Target audience analysis &amp; positioning of (research) topics<\/li>\n\n\n\n<li>Development of communication strategies<\/li>\n\n\n\n<li>Support for internal communication across institutions or networks with various stakeholders<\/li>\n\n\n\n<li>Consulting on corporate language: clear, accessible, and audience-oriented<\/li>\n\n\n\n<li>Editorial support for reports, program brochures, and other materials<\/li>\n\n\n\n<li>Consulting on media relations &amp; press outreach for events, studies, or research results<\/li>\n\n\n\n<li>Content creation for press releases, websites, project communication &amp; grant-funded initiatives<\/li>\n<\/ul>\n\n\n\n<hr class=\"wp-block-separator has-alpha-channel-opacity\"\/>\n\n\n\n<h2 class=\"wp-block-heading\">For start-ups and spin-offs \u2013<br>communication with a strategy right from the start<\/h2>\n\n\n\n<p>Sie haben eine starke Idee. Erz\u00e4hlen Sie davon! Gerade wenn Sie mit einem forschungsbasierten Start-up oder einem innovativen Projekt noch am Anfang stehen, ist Kommunikation entscheidend. Ich unterst\u00fctze Sie dabei, Ihre Vision verst\u00e4ndlich und wirkungsvoll F\u00f6rdermittelgebern, Investor:innen, Partnern und ersten Kund:innen zu vermitteln.<\/p>\n\n\n\n<h3 class=\"wp-block-heading\">Science communication meets start-up expertise<\/h3>\n\n\n\n<p>Whether you\u2019re launching a spin-off, academic startup, or tech-driven business, communication is more than just a mandatory business plan requirement. It\u2019s a strategic tool. I provide structured, personalized advice and can also assist with drafting the communication and marketing sections of your funding or financing proposals.<\/p>\n\n\n\n<p class=\"has-text-color has-link-color wp-elements-5a19bfbc26f172fa639898ab59dcd6d7\" style=\"color:#bda500\"><strong>You may be eligible for funding support. The Thuringian Startup Directive covers up to 80% of consulting costs for new business ventures or takeovers.<\/strong><\/p>\n\n\n\n<h3 class=\"wp-block-heading\">My services for start-ups and research teams<\/h3>\n\n\n\n<ul class=\"wp-block-list\">\n<li>Target audience analysis &amp; communication strategy<\/li>\n\n\n\n<li>Building a consistent brand message<\/li>\n\n\n\n<li>Strategic consulting on PR &amp; media outreach<\/li>\n\n\n\n<li>Concrete action planning for launch, pilot phases &amp; market entry<\/li>\n\n\n\n<li>Text modules for business plans, grant proposals, or pitch decks<\/li>\n<\/ul>\n\n\n\n<p>Together with partner agencies, I also support you in developing your corporate design and setting up your own web presence.<\/p>","protected":false},"excerpt":{"rendered":"<p>F\u00fcr Hochschulen und Forschungseinrichtungen &#8211;Strategisch und wissenschaftsnah kommunizieren Ihre Forschung verdient Aufmerksamkeit. Doch wie wird aus einer Idee eine \u00fcberzeugende Botschaft? Sie suchen L\u00f6sungen oder neue Anregungen f\u00fcr die Au\u00dfendarstellung Ihres Instituts oder eines Forschungsvorhabens&#8230; &nbsp; <a class=\"read-more\" style=\"text-decoration: none;font-weight: 700;\" href=\"https:\/\/hellwage.positionabsolute.de\/en\/wissenschaftskommunikation-pr-fuer-forschung-und-startups-hellwage\/kommunikationsberatung-fuer-forschung-startups-jena-region\/\"><svg fill=\"#BEA500\" width=\"12px\" height=\"12px\" viewbox=\"0 0 512 512\" xmlns=\"http:\/\/www.w3.org\/2000\/svg\"><path d=\"M256 8c137 0 248 111 248 248S393 504 256 504 8 393 8 256 119 8 256 8zm-28.9 143.6l75.5 72.4H120c-13.3 0-24 10.7-24 24v16c0 13.3 10.7 24 24 24h182.6l-75.5 72.4c-9.7 9.3-9.9 24.8-.4 34.3l11 10.9c9.4 9.4 24.6 9.4 33.9 0L404.3 273c9.4-9.4 9.4-24.6 0-33.9L271.6 106.3c-9.4-9.4-24.6-9.4-33.9 0l-11 10.9c-9.5 9.6-9.3 25.1.4 34.4z\"\/><\/svg>&nbsp; Weiterlesen<\/a><\/p>","protected":false},"author":1,"featured_media":400,"parent":18,"menu_order":0,"comment_status":"closed","ping_status":"closed","template":"","meta":{"footnotes":""},"class_list":["post-343","page","type-page","status-publish","has-post-thumbnail","hentry"],"yoast_head":"<!-- This site is optimized with the Yoast SEO plugin v25.6 - https:\/\/yoast.com\/wordpress\/plugins\/seo\/ -->\n<title>Kommunikationsberatung - Hellwage Kommunikation<\/title>\n<meta name=\"description\" content=\"Strategische Kommunikationsberatung f\u00fcr Wissenschaft, Technologie &amp; Innovation: Klar, verst\u00e4ndlich &amp; wirksam \u2013 speziell f\u00fcr Forschung und Startups.\" \/>\n<meta name=\"robots\" content=\"index, follow, max-snippet:-1, max-image-preview:large, max-video-preview:-1\" \/>\n<link rel=\"canonical\" href=\"https:\/\/hellwage.positionabsolute.de\/en\/wissenschaftskommunikation-pr-fuer-forschung-und-startups-hellwage\/kommunikationsberatung-fuer-forschung-startups-jena-region\/\" \/>\n<meta property=\"og:locale\" content=\"en_US\" \/>\n<meta property=\"og:type\" content=\"article\" \/>\n<meta property=\"og:title\" content=\"Kommunikationsberatung - Hellwage Kommunikation\" \/>\n<meta property=\"og:description\" content=\"Strategische Kommunikationsberatung f\u00fcr Wissenschaft, Technologie &amp; Innovation: Klar, verst\u00e4ndlich &amp; wirksam \u2013 speziell f\u00fcr Forschung und Startups.\" \/>\n<meta property=\"og:url\" content=\"https:\/\/hellwage.positionabsolute.de\/en\/wissenschaftskommunikation-pr-fuer-forschung-und-startups-hellwage\/kommunikationsberatung-fuer-forschung-startups-jena-region\/\" \/>\n<meta property=\"og:site_name\" content=\"Hellwage Kommunikation\" \/>\n<meta property=\"article:modified_time\" content=\"2025-09-08T15:21:58+00:00\" \/>\n<meta property=\"og:image\" content=\"https:\/\/hellwage.positionabsolute.de\/wp-content\/uploads\/2025\/06\/S-H-2025.2-23_s-e1750103815232.jpg\" \/>\n\t<meta property=\"og:image:width\" content=\"1387\" \/>\n\t<meta property=\"og:image:height\" content=\"723\" \/>\n\t<meta property=\"og:image:type\" content=\"image\/jpeg\" \/>\n<meta name=\"twitter:card\" content=\"summary_large_image\" \/>\n<meta name=\"twitter:label1\" content=\"Est. reading time\" \/>\n\t<meta name=\"twitter:data1\" content=\"3 minutes\" \/>\n<script type=\"application\/ld+json\" class=\"yoast-schema-graph\">{\"@context\":\"https:\/\/schema.org\",\"@graph\":[{\"@type\":\"WebPage\",\"@id\":\"https:\/\/hellwage.positionabsolute.de\/wissenschaftskommunikation-pr-fuer-forschung-und-startups-hellwage\/kommunikationsberatung-fuer-forschung-startups-jena-region\/\",\"url\":\"https:\/\/hellwage.positionabsolute.de\/wissenschaftskommunikation-pr-fuer-forschung-und-startups-hellwage\/kommunikationsberatung-fuer-forschung-startups-jena-region\/\",\"name\":\"Kommunikationsberatung - Hellwage Kommunikation\",\"isPartOf\":{\"@id\":\"https:\/\/hellwage.positionabsolute.de\/#website\"},\"primaryImageOfPage\":{\"@id\":\"https:\/\/hellwage.positionabsolute.de\/wissenschaftskommunikation-pr-fuer-forschung-und-startups-hellwage\/kommunikationsberatung-fuer-forschung-startups-jena-region\/#primaryimage\"},\"image\":{\"@id\":\"https:\/\/hellwage.positionabsolute.de\/wissenschaftskommunikation-pr-fuer-forschung-und-startups-hellwage\/kommunikationsberatung-fuer-forschung-startups-jena-region\/#primaryimage\"},\"thumbnailUrl\":\"https:\/\/hellwage.positionabsolute.de\/wp-content\/uploads\/2025\/06\/S-H-2025.2-23_s-e1750103815232.jpg\",\"datePublished\":\"2025-05-22T16:40:19+00:00\",\"dateModified\":\"2025-09-08T15:21:58+00:00\",\"description\":\"Strategische Kommunikationsberatung f\u00fcr Wissenschaft, Technologie & Innovation: Klar, verst\u00e4ndlich & wirksam \u2013 speziell f\u00fcr Forschung und Startups.\",\"breadcrumb\":{\"@id\":\"https:\/\/hellwage.positionabsolute.de\/wissenschaftskommunikation-pr-fuer-forschung-und-startups-hellwage\/kommunikationsberatung-fuer-forschung-startups-jena-region\/#breadcrumb\"},\"inLanguage\":\"en-US\",\"potentialAction\":[{\"@type\":\"ReadAction\",\"target\":[\"https:\/\/hellwage.positionabsolute.de\/wissenschaftskommunikation-pr-fuer-forschung-und-startups-hellwage\/kommunikationsberatung-fuer-forschung-startups-jena-region\/\"]}]},{\"@type\":\"ImageObject\",\"inLanguage\":\"en-US\",\"@id\":\"https:\/\/hellwage.positionabsolute.de\/wissenschaftskommunikation-pr-fuer-forschung-und-startups-hellwage\/kommunikationsberatung-fuer-forschung-startups-jena-region\/#primaryimage\",\"url\":\"https:\/\/hellwage.positionabsolute.de\/wp-content\/uploads\/2025\/06\/S-H-2025.2-23_s-e1750103815232.jpg\",\"contentUrl\":\"https:\/\/hellwage.positionabsolute.de\/wp-content\/uploads\/2025\/06\/S-H-2025.2-23_s-e1750103815232.jpg\",\"width\":1387,\"height\":723},{\"@type\":\"BreadcrumbList\",\"@id\":\"https:\/\/hellwage.positionabsolute.de\/wissenschaftskommunikation-pr-fuer-forschung-und-startups-hellwage\/kommunikationsberatung-fuer-forschung-startups-jena-region\/#breadcrumb\",\"itemListElement\":[{\"@type\":\"ListItem\",\"position\":1,\"name\":\"Startseite\",\"item\":\"https:\/\/hellwage.positionabsolute.de\/\"},{\"@type\":\"ListItem\",\"position\":2,\"name\":\"Service\",\"item\":\"https:\/\/hellwage.positionabsolute.de\/wissenschaftskommunikation-pr-fuer-forschung-und-startups-hellwage\/\"},{\"@type\":\"ListItem\",\"position\":3,\"name\":\"Kommunikationsberatung\"}]},{\"@type\":\"WebSite\",\"@id\":\"https:\/\/hellwage.positionabsolute.de\/#website\",\"url\":\"https:\/\/hellwage.positionabsolute.de\/\",\"name\":\"Hellwage Kommunikation\",\"description\":\"\",\"publisher\":{\"@id\":\"https:\/\/hellwage.positionabsolute.de\/#organization\"},\"potentialAction\":[{\"@type\":\"SearchAction\",\"target\":{\"@type\":\"EntryPoint\",\"urlTemplate\":\"https:\/\/hellwage.positionabsolute.de\/?s={search_term_string}\"},\"query-input\":{\"@type\":\"PropertyValueSpecification\",\"valueRequired\":true,\"valueName\":\"search_term_string\"}}],\"inLanguage\":\"en-US\"},{\"@type\":\"Organization\",\"@id\":\"https:\/\/hellwage.positionabsolute.de\/#organization\",\"name\":\"Hellwage Kommunikation\",\"url\":\"https:\/\/hellwage.positionabsolute.de\/\",\"logo\":{\"@type\":\"ImageObject\",\"inLanguage\":\"en-US\",\"@id\":\"https:\/\/hellwage.positionabsolute.de\/#\/schema\/logo\/image\/\",\"url\":\"https:\/\/hellwage.positionabsolute.de\/wp-content\/uploads\/2025\/07\/BB_Logo_Hellwage_CMYK-scaled.jpg\",\"contentUrl\":\"https:\/\/hellwage.positionabsolute.de\/wp-content\/uploads\/2025\/07\/BB_Logo_Hellwage_CMYK-scaled.jpg\",\"width\":2560,\"height\":607,\"caption\":\"Hellwage Kommunikation\"},\"image\":{\"@id\":\"https:\/\/hellwage.positionabsolute.de\/#\/schema\/logo\/image\/\"},\"sameAs\":[\"https:\/\/www.linkedin.com\/in\/susanne-hellwage-19b08340\/\"]}]}<\/script>\n<!-- \/ Yoast SEO plugin. -->","yoast_head_json":{"title":"Kommunikationsberatung - Hellwage Kommunikation","description":"Strategische Kommunikationsberatung f\u00fcr Wissenschaft, Technologie & Innovation: Klar, verst\u00e4ndlich & wirksam \u2013 speziell f\u00fcr Forschung und Startups.","robots":{"index":"index","follow":"follow","max-snippet":"max-snippet:-1","max-image-preview":"max-image-preview:large","max-video-preview":"max-video-preview:-1"},"canonical":"https:\/\/hellwage.positionabsolute.de\/en\/wissenschaftskommunikation-pr-fuer-forschung-und-startups-hellwage\/kommunikationsberatung-fuer-forschung-startups-jena-region\/","og_locale":"en_US","og_type":"article","og_title":"Kommunikationsberatung - Hellwage Kommunikation","og_description":"Strategische Kommunikationsberatung f\u00fcr Wissenschaft, Technologie & Innovation: Klar, verst\u00e4ndlich & wirksam \u2013 speziell f\u00fcr Forschung und Startups.","og_url":"https:\/\/hellwage.positionabsolute.de\/en\/wissenschaftskommunikation-pr-fuer-forschung-und-startups-hellwage\/kommunikationsberatung-fuer-forschung-startups-jena-region\/","og_site_name":"Hellwage Kommunikation","article_modified_time":"2025-09-08T15:21:58+00:00","og_image":[{"width":1387,"height":723,"url":"https:\/\/hellwage.positionabsolute.de\/wp-content\/uploads\/2025\/06\/S-H-2025.2-23_s-e1750103815232.jpg","type":"image\/jpeg"}],"twitter_card":"summary_large_image","twitter_misc":{"Est. reading time":"3 minutes"},"schema":{"@context":"https:\/\/schema.org","@graph":[{"@type":"WebPage","@id":"https:\/\/hellwage.positionabsolute.de\/wissenschaftskommunikation-pr-fuer-forschung-und-startups-hellwage\/kommunikationsberatung-fuer-forschung-startups-jena-region\/","url":"https:\/\/hellwage.positionabsolute.de\/wissenschaftskommunikation-pr-fuer-forschung-und-startups-hellwage\/kommunikationsberatung-fuer-forschung-startups-jena-region\/","name":"Kommunikationsberatung - Hellwage Kommunikation","isPartOf":{"@id":"https:\/\/hellwage.positionabsolute.de\/#website"},"primaryImageOfPage":{"@id":"https:\/\/hellwage.positionabsolute.de\/wissenschaftskommunikation-pr-fuer-forschung-und-startups-hellwage\/kommunikationsberatung-fuer-forschung-startups-jena-region\/#primaryimage"},"image":{"@id":"https:\/\/hellwage.positionabsolute.de\/wissenschaftskommunikation-pr-fuer-forschung-und-startups-hellwage\/kommunikationsberatung-fuer-forschung-startups-jena-region\/#primaryimage"},"thumbnailUrl":"https:\/\/hellwage.positionabsolute.de\/wp-content\/uploads\/2025\/06\/S-H-2025.2-23_s-e1750103815232.jpg","datePublished":"2025-05-22T16:40:19+00:00","dateModified":"2025-09-08T15:21:58+00:00","description":"Strategische Kommunikationsberatung f\u00fcr Wissenschaft, Technologie & Innovation: Klar, verst\u00e4ndlich & wirksam \u2013 speziell f\u00fcr Forschung und Startups.","breadcrumb":{"@id":"https:\/\/hellwage.positionabsolute.de\/wissenschaftskommunikation-pr-fuer-forschung-und-startups-hellwage\/kommunikationsberatung-fuer-forschung-startups-jena-region\/#breadcrumb"},"inLanguage":"en-US","potentialAction":[{"@type":"ReadAction","target":["https:\/\/hellwage.positionabsolute.de\/wissenschaftskommunikation-pr-fuer-forschung-und-startups-hellwage\/kommunikationsberatung-fuer-forschung-startups-jena-region\/"]}]},{"@type":"ImageObject","inLanguage":"en-US","@id":"https:\/\/hellwage.positionabsolute.de\/wissenschaftskommunikation-pr-fuer-forschung-und-startups-hellwage\/kommunikationsberatung-fuer-forschung-startups-jena-region\/#primaryimage","url":"https:\/\/hellwage.positionabsolute.de\/wp-content\/uploads\/2025\/06\/S-H-2025.2-23_s-e1750103815232.jpg","contentUrl":"https:\/\/hellwage.positionabsolute.de\/wp-content\/uploads\/2025\/06\/S-H-2025.2-23_s-e1750103815232.jpg","width":1387,"height":723},{"@type":"BreadcrumbList","@id":"https:\/\/hellwage.positionabsolute.de\/wissenschaftskommunikation-pr-fuer-forschung-und-startups-hellwage\/kommunikationsberatung-fuer-forschung-startups-jena-region\/#breadcrumb","itemListElement":[{"@type":"ListItem","position":1,"name":"Startseite","item":"https:\/\/hellwage.positionabsolute.de\/"},{"@type":"ListItem","position":2,"name":"Service","item":"https:\/\/hellwage.positionabsolute.de\/wissenschaftskommunikation-pr-fuer-forschung-und-startups-hellwage\/"},{"@type":"ListItem","position":3,"name":"Kommunikationsberatung"}]},{"@type":"WebSite","@id":"https:\/\/hellwage.positionabsolute.de\/#website","url":"https:\/\/hellwage.positionabsolute.de\/","name":"Hellwage Kommunikation","description":"","publisher":{"@id":"https:\/\/hellwage.positionabsolute.de\/#organization"},"potentialAction":[{"@type":"SearchAction","target":{"@type":"EntryPoint","urlTemplate":"https:\/\/hellwage.positionabsolute.de\/?s={search_term_string}"},"query-input":{"@type":"PropertyValueSpecification","valueRequired":true,"valueName":"search_term_string"}}],"inLanguage":"en-US"},{"@type":"Organization","@id":"https:\/\/hellwage.positionabsolute.de\/#organization","name":"Hellwage Kommunikation","url":"https:\/\/hellwage.positionabsolute.de\/","logo":{"@type":"ImageObject","inLanguage":"en-US","@id":"https:\/\/hellwage.positionabsolute.de\/#\/schema\/logo\/image\/","url":"https:\/\/hellwage.positionabsolute.de\/wp-content\/uploads\/2025\/07\/BB_Logo_Hellwage_CMYK-scaled.jpg","contentUrl":"https:\/\/hellwage.positionabsolute.de\/wp-content\/uploads\/2025\/07\/BB_Logo_Hellwage_CMYK-scaled.jpg","width":2560,"height":607,"caption":"Hellwage Kommunikation"},"image":{"@id":"https:\/\/hellwage.positionabsolute.de\/#\/schema\/logo\/image\/"},"sameAs":["https:\/\/www.linkedin.com\/in\/susanne-hellwage-19b08340\/"]}]}},"_links":{"self":[{"href":"https:\/\/hellwage.positionabsolute.de\/en\/wp-json\/wp\/v2\/pages\/343","targetHints":{"allow":["GET"]}}],"collection":[{"href":"https:\/\/hellwage.positionabsolute.de\/en\/wp-json\/wp\/v2\/pages"}],"about":[{"href":"https:\/\/hellwage.positionabsolute.de\/en\/wp-json\/wp\/v2\/types\/page"}],"author":[{"embeddable":true,"href":"https:\/\/hellwage.positionabsolute.de\/en\/wp-json\/wp\/v2\/users\/1"}],"replies":[{"embeddable":true,"href":"https:\/\/hellwage.positionabsolute.de\/en\/wp-json\/wp\/v2\/comments?post=343"}],"version-history":[{"count":23,"href":"https:\/\/hellwage.positionabsolute.de\/en\/wp-json\/wp\/v2\/pages\/343\/revisions"}],"predecessor-version":[{"id":475,"href":"https:\/\/hellwage.positionabsolute.de\/en\/wp-json\/wp\/v2\/pages\/343\/revisions\/475"}],"up":[{"embeddable":true,"href":"https:\/\/hellwage.positionabsolute.de\/en\/wp-json\/wp\/v2\/pages\/18"}],"wp:featuredmedia":[{"embeddable":true,"href":"https:\/\/hellwage.positionabsolute.de\/en\/wp-json\/wp\/v2\/media\/400"}],"wp:attachment":[{"href":"https:\/\/hellwage.positionabsolute.de\/en\/wp-json\/wp\/v2\/media?parent=343"}],"curies":[{"name":"wp","href":"https:\/\/api.w.org\/{rel}","templated":true}]}}